{"id":556,"date":"2025-05-21T12:24:38","date_gmt":"2025-05-21T10:24:38","guid":{"rendered":"https:\/\/www.affinicia.fr\/finance\/?page_id=556"},"modified":"2025-08-19T11:00:32","modified_gmt":"2025-08-19T09:00:32","slug":"offres-bienvenue-guide-choisir-banque","status":"publish","type":"page","link":"https:\/\/www.affinicia.fr\/finance\/banque\/offres-bienvenue-guide-choisir-banque\/","title":{"rendered":"Offres de bienvenue : le guide complet des meilleures primes pour choisir votre banque en avril 2026"},"content":{"rendered":"","protected":false},"excerpt":{"rendered":"","protected":false},"author":1,"featured_media":0,"parent":6,"menu_order":0,"comment_status":"closed","ping_status":"closed","template":"templates\/guide.php","meta":{"_acf_changed":false,"inline_featured_image":false,"footnotes":""},"class_list":["post-556","page","type-page","status-publish","hentry","guide_category-compte-courant"],"acf":[],"yoast_head":"\nOffres de bienvenue : guide pour choisir votre banque en 2026<\/title>\n<meta name=\"description\" content=\"D\u00e9couvrez les offres de bienvenue des banques en ligne, traditionnelles et n\u00e9obanques. Comparez-les d\u00e8s maintenant !\" \/>\n<meta name=\"robots\" content=\"index, follow, max-snippet:-1, max-image-preview:large, max-video-preview:-1\" \/>\n<link rel=\"canonical\" href=\"https:\/\/www.affinicia.fr\/finance\/banque\/offres-bienvenue-guide-choisir-banque\/\" \/>\n<meta property=\"og:locale\" content=\"fr_FR\" \/>\n<meta property=\"og:type\" content=\"article\" \/>\n<meta property=\"og:title\" content=\"Offres de bienvenue : guide pour choisir votre banque en 2026\" \/>\n<meta property=\"og:description\" content=\"D\u00e9couvrez les offres de bienvenue des banques en ligne, traditionnelles et n\u00e9obanques. Comparez-les d\u00e8s maintenant !\" \/>\n<meta property=\"og:url\" content=\"https:\/\/www.affinicia.fr\/finance\/banque\/offres-bienvenue-guide-choisir-banque\/\" \/>\n<meta property=\"og:site_name\" content=\"Finances\" \/>\n<meta property=\"article:modified_time\" content=\"2025-08-19T09:00:32+00:00\" \/>\n<meta name=\"twitter:card\" content=\"summary_large_image\" \/>\n<meta name=\"twitter:label1\" content=\"Dur\u00e9e de lecture estim\u00e9e\" \/>\n\t<meta name=\"twitter:data1\" content=\"4 minutes\" \/>\n<!-- \/ Yoast SEO plugin. -->","yoast_head_json":{"title":"Offres de bienvenue : guide pour choisir votre banque en 2026","description":"D\u00e9couvrez les offres de bienvenue des banques en ligne, traditionnelles et n\u00e9obanques. Comparez-les d\u00e8s maintenant !","robots":{"index":"index","follow":"follow","max-snippet":"max-snippet:-1","max-image-preview":"max-image-preview:large","max-video-preview":"max-video-preview:-1"},"canonical":"https:\/\/www.affinicia.fr\/finance\/banque\/offres-bienvenue-guide-choisir-banque\/","og_locale":"fr_FR","og_type":"article","og_title":"Offres de bienvenue : guide pour choisir votre banque en 2026","og_description":"D\u00e9couvrez les offres de bienvenue des banques en ligne, traditionnelles et n\u00e9obanques. Comparez-les d\u00e8s maintenant !","og_url":"https:\/\/www.affinicia.fr\/finance\/banque\/offres-bienvenue-guide-choisir-banque\/","og_site_name":"Finances","article_modified_time":"2025-08-19T09:00:32+00:00","twitter_card":"summary_large_image","twitter_misc":{"Dur\u00e9e de lecture estim\u00e9e":"4 minutes"},"schema":{"@context":"https:\/\/schema.org","@graph":[{"@type":"WebPage","@id":"https:\/\/www.affinicia.fr\/finance\/banque\/offres-bienvenue-guide-choisir-banque\/","url":"https:\/\/www.affinicia.fr\/finance\/banque\/offres-bienvenue-guide-choisir-banque\/","name":"Offres de bienvenue : guide pour choisir votre banque en 2026","isPartOf":{"@id":"https:\/\/www.affinicia.fr\/finance\/#website"},"datePublished":"2025-05-21T10:24:38+00:00","dateModified":"2025-08-19T09:00:32+00:00","description":"D\u00e9couvrez les offres de bienvenue des banques en ligne, traditionnelles et n\u00e9obanques. Comparez-les d\u00e8s maintenant !","breadcrumb":{"@id":"https:\/\/www.affinicia.fr\/finance\/banque\/offres-bienvenue-guide-choisir-banque\/#breadcrumb"},"inLanguage":"fr-FR","potentialAction":[{"@type":"ReadAction","target":["https:\/\/www.affinicia.fr\/finance\/banque\/offres-bienvenue-guide-choisir-banque\/"]}]},{"@type":"BreadcrumbList","@id":"https:\/\/www.affinicia.fr\/finance\/banque\/offres-bienvenue-guide-choisir-banque\/#breadcrumb","itemListElement":[{"@type":"ListItem","position":1,"name":"Accueil","item":"https:\/\/www.affinicia.fr\/finance\/"},{"@type":"ListItem","position":2,"name":"Comparateur banque","item":"https:\/\/www.affinicia.fr\/finance\/banque\/"},{"@type":"ListItem","position":3,"name":"Offres de bienvenue : le guide complet des meilleures primes pour choisir votre banque en ao\u00fbt 2025"}]},{"@type":"WebSite","@id":"https:\/\/www.affinicia.fr\/finance\/#website","url":"https:\/\/www.affinicia.fr\/finance\/","name":"Finances","description":"","potentialAction":[{"@type":"SearchAction","target":{"@type":"EntryPoint","urlTemplate":"https:\/\/www.affinicia.fr\/finance\/?s={search_term_string}"},"query-input":{"@type":"PropertyValueSpecification","valueRequired":true,"valueName":"search_term_string"}}],"inLanguage":"fr-FR"}]}},"_links":{"self":[{"href":"https:\/\/www.affinicia.fr\/finance\/wp-json\/wp\/v2\/pages\/556","targetHints":{"allow":["GET"]}}],"collection":[{"href":"https:\/\/www.affinicia.fr\/finance\/wp-json\/wp\/v2\/pages"}],"about":[{"href":"https:\/\/www.affinicia.fr\/finance\/wp-json\/wp\/v2\/types\/page"}],"author":[{"embeddable":true,"href":"https:\/\/www.affinicia.fr\/finance\/wp-json\/wp\/v2\/users\/1"}],"replies":[{"embeddable":true,"href":"https:\/\/www.affinicia.fr\/finance\/wp-json\/wp\/v2\/comments?post=556"}],"version-history":[{"count":0,"href":"https:\/\/www.affinicia.fr\/finance\/wp-json\/wp\/v2\/pages\/556\/revisions"}],"up":[{"embeddable":true,"href":"https:\/\/www.affinicia.fr\/finance\/wp-json\/wp\/v2\/pages\/6"}],"wp:attachment":[{"href":"https:\/\/www.affinicia.fr\/finance\/wp-json\/wp\/v2\/media?parent=556"}],"curies":[{"name":"wp","href":"https:\/\/api.w.org\/{rel}","templated":true}]}}