{"id":8,"date":"2021-04-13T13:56:18","date_gmt":"2021-04-13T11:56:18","guid":{"rendered":"https:\/\/www.affinicia.fr\/energie\/?page_id=8"},"modified":"2021-06-05T18:04:34","modified_gmt":"2021-06-05T16:04:34","slug":"comparateur-electricite-gaz","status":"publish","type":"page","link":"https:\/\/www.affinicia.fr\/energie\/comparateur-electricite-gaz\/","title":{"rendered":"Comparateur (Formulaire)"},"content":{"rendered":"","protected":false},"excerpt":{"rendered":"","protected":false},"author":1,"featured_media":0,"parent":0,"menu_order":0,"comment_status":"closed","ping_status":"closed","template":"templates\/comparateur.php","meta":{"_acf_changed":false,"inline_featured_image":false,"footnotes":""},"class_list":["post-8","page","type-page","status-publish","hentry"],"acf":[],"yoast_head":"\nComparateur \u00c9lectricit\u00e9 et Gaz - \u00c9nergie<\/title>\n<meta name=\"robots\" content=\"noindex, follow\" \/>\n<meta property=\"og:locale\" content=\"fr_FR\" \/>\n<meta property=\"og:type\" content=\"article\" \/>\n<meta property=\"og:title\" content=\"Comparateur \u00c9lectricit\u00e9 et Gaz - \u00c9nergie\" \/>\n<meta property=\"og:url\" content=\"https:\/\/www.affinicia.fr\/energie\/comparateur-electricite-gaz\/\" \/>\n<meta property=\"og:site_name\" content=\"\u00c9nergie\" \/>\n<meta property=\"article:modified_time\" content=\"2021-06-05T16:04:34+00:00\" \/>\n<meta name=\"twitter:card\" content=\"summary_large_image\" \/>\n<!-- \/ Yoast SEO plugin. -->","yoast_head_json":{"title":"Comparateur \u00c9lectricit\u00e9 et Gaz - \u00c9nergie","robots":{"index":"noindex","follow":"follow"},"og_locale":"fr_FR","og_type":"article","og_title":"Comparateur \u00c9lectricit\u00e9 et Gaz - \u00c9nergie","og_url":"https:\/\/www.affinicia.fr\/energie\/comparateur-electricite-gaz\/","og_site_name":"\u00c9nergie","article_modified_time":"2021-06-05T16:04:34+00:00","twitter_card":"summary_large_image","schema":{"@context":"https:\/\/schema.org","@graph":[{"@type":"WebPage","@id":"https:\/\/www.affinicia.fr\/energie\/comparateur-electricite-gaz\/","url":"https:\/\/www.affinicia.fr\/energie\/comparateur-electricite-gaz\/","name":"Comparateur \u00c9lectricit\u00e9 et Gaz - \u00c9nergie","isPartOf":{"@id":"https:\/\/www.affinicia.fr\/energie\/#website"},"datePublished":"2021-04-13T11:56:18+00:00","dateModified":"2021-06-05T16:04:34+00:00","breadcrumb":{"@id":"https:\/\/www.affinicia.fr\/energie\/comparateur-electricite-gaz\/#breadcrumb"},"inLanguage":"fr-FR","potentialAction":[{"@type":"ReadAction","target":["https:\/\/www.affinicia.fr\/energie\/comparateur-electricite-gaz\/"]}]},{"@type":"BreadcrumbList","@id":"https:\/\/www.affinicia.fr\/energie\/comparateur-electricite-gaz\/#breadcrumb","itemListElement":[{"@type":"ListItem","position":1,"name":"Accueil","item":"https:\/\/www.affinicia.fr\/energie\/"},{"@type":"ListItem","position":2,"name":"Comparateur (Formulaire)"}]},{"@type":"WebSite","@id":"https:\/\/www.affinicia.fr\/energie\/#website","url":"https:\/\/www.affinicia.fr\/energie\/","name":"\u00c9nergie","description":"","potentialAction":[{"@type":"SearchAction","target":{"@type":"EntryPoint","urlTemplate":"https:\/\/www.affinicia.fr\/energie\/?s={search_term_string}"},"query-input":{"@type":"PropertyValueSpecification","valueRequired":true,"valueName":"search_term_string"}}],"inLanguage":"fr-FR"}]}},"_links":{"self":[{"href":"https:\/\/www.affinicia.fr\/energie\/wp-json\/wp\/v2\/pages\/8","targetHints":{"allow":["GET"]}}],"collection":[{"href":"https:\/\/www.affinicia.fr\/energie\/wp-json\/wp\/v2\/pages"}],"about":[{"href":"https:\/\/www.affinicia.fr\/energie\/wp-json\/wp\/v2\/types\/page"}],"author":[{"embeddable":true,"href":"https:\/\/www.affinicia.fr\/energie\/wp-json\/wp\/v2\/users\/1"}],"replies":[{"embeddable":true,"href":"https:\/\/www.affinicia.fr\/energie\/wp-json\/wp\/v2\/comments?post=8"}],"version-history":[{"count":0,"href":"https:\/\/www.affinicia.fr\/energie\/wp-json\/wp\/v2\/pages\/8\/revisions"}],"wp:attachment":[{"href":"https:\/\/www.affinicia.fr\/energie\/wp-json\/wp\/v2\/media?parent=8"}],"curies":[{"name":"wp","href":"https:\/\/api.w.org\/{rel}","templated":true}]}}